{"id":444,"date":"2019-11-29T22:37:26","date_gmt":"2019-11-29T22:37:26","guid":{"rendered":"https:\/\/www.evoluciondmc.com\/nuevo-sitio\/?page_id=444"},"modified":"2019-12-04T23:17:35","modified_gmt":"2019-12-04T23:17:35","slug":"aviso-de-privacidad","status":"publish","type":"page","link":"https:\/\/www.evoluciondmc.com\/?page_id=444","title":{"rendered":"Aviso de Privacidad"},"content":{"rendered":"<p>[et_pb_section fb_built=\u00bb1&#8243; _builder_version=\u00bb4.0.7&#8243; background_color=\u00bb#EFEFEF\u00bb][et_pb_row _builder_version=\u00bb4.0.7&#8243;][et_pb_column type=\u00bb4_4&#8243; _builder_version=\u00bb4.0.7&#8243;][et_pb_text _builder_version=\u00bb4.0.7&#8243; header_font_size=\u00bb40px\u00bb custom_margin=\u00bb||10px||false|false\u00bb hover_enabled=\u00bb0&#8243; header_font_size_tablet=\u00bb\u00bb header_font_size_phone=\u00bb30px\u00bb header_font_size_last_edited=\u00bbon|phone\u00bb animation_style=\u00bbslide\u00bb animation_direction=\u00bbleft\u00bb animation_intensity_slide=\u00bb10%\u00bb]<\/p>\n<h1>AVISO DE PRIVACIDAD<\/h1>\n<p>[\/et_pb_text][et_pb_divider color=\u00bb#A7C843&#8243; divider_weight=\u00bb4px\u00bb _builder_version=\u00bb4.0.7&#8243; width=\u00bb100%\u00bb hover_enabled=\u00bb0&#8243; animation_style=\u00bbslide\u00bb animation_delay=\u00bb300ms\u00bb animation_intensity_slide=\u00bb10%\u00bb animation_direction=\u00bbright\u00bb][\/et_pb_divider][et_pb_text _builder_version=\u00bb4.0.7&#8243; hover_enabled=\u00bb0&#8243; animation_style=\u00bbslide\u00bb animation_delay=\u00bb600ms\u00bb animation_intensity_slide=\u00bb10%\u00bb]<\/p>\n<p style=\"text-align: justify;\">Con fundamento en los art\u00edculos 15 y 16 de la Ley Federal de Protecci\u00f3n de Datos Personales en Posesi\u00f3n de Particulares hacemos de su conocimiento que <strong>DMC\u00a0<\/strong><strong>EVOLUCI\u00d3N<\/strong>, es responsable de recabar sus datos personales, del uso que se le da a los mismos y de su protecci\u00f3n. Utilizar\u00e1 sus datos personales, recabados por este medio con la finalidad de mantener contacto con usted, atenderle y establecer la relaci\u00f3n comercial necesaria relacionada con los objetivos de esta empresa.<\/p>\n<p>[\/et_pb_text][et_pb_button button_text=\u00bbVolver a inicio\u00bb _builder_version=\u00bb4.0.7&#8243; custom_button=\u00bbon\u00bb button_text_size=\u00bb19px\u00bb button_text_color=\u00bb#ffffff\u00bb button_bg_color=\u00bb#0D87AC\u00bb button_border_width=\u00bb0px\u00bb button_border_radius=\u00bb5px\u00bb button_icon=\u00bb%%2%%\u00bb button_icon_placement=\u00bbleft\u00bb hover_enabled=\u00bb0&#8243; box_shadow_style=\u00bbpreset3&#8243; box_shadow_blur=\u00bb30px\u00bb box_shadow_color=\u00bbrgba(0,0,0,0.2)\u00bb animation_style=\u00bbslide\u00bb animation_delay=\u00bb800ms\u00bb animation_intensity_slide=\u00bb10%\u00bb][\/et_pb_button][\/et_pb_column][\/et_pb_row][\/et_pb_section]<\/p>\n","protected":false},"excerpt":{"rendered":"<p>AVISO DE PRIVACIDADCon fundamento en los art\u00edculos 15 y 16 de la Ley Federal de Protecci\u00f3n de Datos Personales en Posesi\u00f3n de Particulares hacemos de su conocimiento que DMC\u00a0EVOLUCI\u00d3N, es responsable de recabar sus datos personales, del uso que se le da a los mismos y de su protecci\u00f3n. Utilizar\u00e1 sus datos personales, recabados por [&hellip;]<\/p>\n","protected":false},"author":1,"featured_media":0,"parent":0,"menu_order":0,"comment_status":"closed","ping_status":"closed","template":"","meta":{"_et_pb_use_builder":"on","_et_pb_old_content":"","_et_gb_content_width":"","footnotes":""},"yoast_head":"<!-- This site is optimized with the Yoast SEO plugin v22.0 - https:\/\/yoast.com\/wordpress\/plugins\/seo\/ -->\n<title>Aviso de Privacidad - Evoluci\u00f3n DMC<\/title>\n<meta name=\"robots\" content=\"index, follow, max-snippet:-1, max-image-preview:large, max-video-preview:-1\" \/>\n<link rel=\"canonical\" href=\"https:\/\/www.evoluciondmc.com\/?page_id=444\" \/>\n<meta property=\"og:locale\" content=\"es_ES\" \/>\n<meta property=\"og:type\" content=\"article\" \/>\n<meta property=\"og:title\" content=\"Aviso de Privacidad - Evoluci\u00f3n DMC\" \/>\n<meta property=\"og:description\" content=\"AVISO DE PRIVACIDADCon fundamento en los art\u00edculos 15 y 16 de la Ley Federal de Protecci\u00f3n de Datos Personales en Posesi\u00f3n de Particulares hacemos de su conocimiento que DMC\u00a0EVOLUCI\u00d3N, es responsable de recabar sus datos personales, del uso que se le da a los mismos y de su protecci\u00f3n. Utilizar\u00e1 sus datos personales, recabados por [&hellip;]\" \/>\n<meta property=\"og:url\" content=\"https:\/\/www.evoluciondmc.com\/?page_id=444\" \/>\n<meta property=\"og:site_name\" content=\"Evoluci\u00f3n DMC\" \/>\n<meta property=\"article:modified_time\" content=\"2019-12-04T23:17:35+00:00\" \/>\n<meta name=\"twitter:card\" content=\"summary_large_image\" \/>\n<meta name=\"twitter:label1\" content=\"Tiempo de lectura\" \/>\n\t<meta name=\"twitter:data1\" content=\"1 minuto\" \/>\n<script type=\"application\/ld+json\" class=\"yoast-schema-graph\">{\"@context\":\"https:\/\/schema.org\",\"@graph\":[{\"@type\":\"WebPage\",\"@id\":\"https:\/\/www.evoluciondmc.com\/?page_id=444\",\"url\":\"https:\/\/www.evoluciondmc.com\/?page_id=444\",\"name\":\"Aviso de Privacidad - Evoluci\u00f3n DMC\",\"isPartOf\":{\"@id\":\"https:\/\/www.evoluciondmc.com\/#website\"},\"datePublished\":\"2019-11-29T22:37:26+00:00\",\"dateModified\":\"2019-12-04T23:17:35+00:00\",\"breadcrumb\":{\"@id\":\"https:\/\/www.evoluciondmc.com\/?page_id=444#breadcrumb\"},\"inLanguage\":\"es\",\"potentialAction\":[{\"@type\":\"ReadAction\",\"target\":[\"https:\/\/www.evoluciondmc.com\/?page_id=444\"]}]},{\"@type\":\"BreadcrumbList\",\"@id\":\"https:\/\/www.evoluciondmc.com\/?page_id=444#breadcrumb\",\"itemListElement\":[{\"@type\":\"ListItem\",\"position\":1,\"name\":\"Portada\",\"item\":\"https:\/\/www.evoluciondmc.com\/\"},{\"@type\":\"ListItem\",\"position\":2,\"name\":\"Aviso de Privacidad\"}]},{\"@type\":\"WebSite\",\"@id\":\"https:\/\/www.evoluciondmc.com\/#website\",\"url\":\"https:\/\/www.evoluciondmc.com\/\",\"name\":\"Evoluci\u00f3n DMC\",\"description\":\"Especialistas en reuniones y eventos\",\"potentialAction\":[{\"@type\":\"SearchAction\",\"target\":{\"@type\":\"EntryPoint\",\"urlTemplate\":\"https:\/\/www.evoluciondmc.com\/?s={search_term_string}\"},\"query-input\":\"required name=search_term_string\"}],\"inLanguage\":\"es\"}]}<\/script>\n<!-- \/ Yoast SEO plugin. -->","yoast_head_json":{"title":"Aviso de Privacidad - Evoluci\u00f3n DMC","robots":{"index":"index","follow":"follow","max-snippet":"max-snippet:-1","max-image-preview":"max-image-preview:large","max-video-preview":"max-video-preview:-1"},"canonical":"https:\/\/www.evoluciondmc.com\/?page_id=444","og_locale":"es_ES","og_type":"article","og_title":"Aviso de Privacidad - Evoluci\u00f3n DMC","og_description":"AVISO DE PRIVACIDADCon fundamento en los art\u00edculos 15 y 16 de la Ley Federal de Protecci\u00f3n de Datos Personales en Posesi\u00f3n de Particulares hacemos de su conocimiento que DMC\u00a0EVOLUCI\u00d3N, es responsable de recabar sus datos personales, del uso que se le da a los mismos y de su protecci\u00f3n. Utilizar\u00e1 sus datos personales, recabados por [&hellip;]","og_url":"https:\/\/www.evoluciondmc.com\/?page_id=444","og_site_name":"Evoluci\u00f3n DMC","article_modified_time":"2019-12-04T23:17:35+00:00","twitter_card":"summary_large_image","twitter_misc":{"Tiempo de lectura":"1 minuto"},"schema":{"@context":"https:\/\/schema.org","@graph":[{"@type":"WebPage","@id":"https:\/\/www.evoluciondmc.com\/?page_id=444","url":"https:\/\/www.evoluciondmc.com\/?page_id=444","name":"Aviso de Privacidad - Evoluci\u00f3n DMC","isPartOf":{"@id":"https:\/\/www.evoluciondmc.com\/#website"},"datePublished":"2019-11-29T22:37:26+00:00","dateModified":"2019-12-04T23:17:35+00:00","breadcrumb":{"@id":"https:\/\/www.evoluciondmc.com\/?page_id=444#breadcrumb"},"inLanguage":"es","potentialAction":[{"@type":"ReadAction","target":["https:\/\/www.evoluciondmc.com\/?page_id=444"]}]},{"@type":"BreadcrumbList","@id":"https:\/\/www.evoluciondmc.com\/?page_id=444#breadcrumb","itemListElement":[{"@type":"ListItem","position":1,"name":"Portada","item":"https:\/\/www.evoluciondmc.com\/"},{"@type":"ListItem","position":2,"name":"Aviso de Privacidad"}]},{"@type":"WebSite","@id":"https:\/\/www.evoluciondmc.com\/#website","url":"https:\/\/www.evoluciondmc.com\/","name":"Evoluci\u00f3n DMC","description":"Especialistas en reuniones y eventos","potentialAction":[{"@type":"SearchAction","target":{"@type":"EntryPoint","urlTemplate":"https:\/\/www.evoluciondmc.com\/?s={search_term_string}"},"query-input":"required name=search_term_string"}],"inLanguage":"es"}]}},"_links":{"self":[{"href":"https:\/\/www.evoluciondmc.com\/index.php?rest_route=\/wp\/v2\/pages\/444"}],"collection":[{"href":"https:\/\/www.evoluciondmc.com\/index.php?rest_route=\/wp\/v2\/pages"}],"about":[{"href":"https:\/\/www.evoluciondmc.com\/index.php?rest_route=\/wp\/v2\/types\/page"}],"author":[{"embeddable":true,"href":"https:\/\/www.evoluciondmc.com\/index.php?rest_route=\/wp\/v2\/users\/1"}],"replies":[{"embeddable":true,"href":"https:\/\/www.evoluciondmc.com\/index.php?rest_route=%2Fwp%2Fv2%2Fcomments&post=444"}],"version-history":[{"count":13,"href":"https:\/\/www.evoluciondmc.com\/index.php?rest_route=\/wp\/v2\/pages\/444\/revisions"}],"predecessor-version":[{"id":901,"href":"https:\/\/www.evoluciondmc.com\/index.php?rest_route=\/wp\/v2\/pages\/444\/revisions\/901"}],"wp:attachment":[{"href":"https:\/\/www.evoluciondmc.com\/index.php?rest_route=%2Fwp%2Fv2%2Fmedia&parent=444"}],"curies":[{"name":"wp","href":"https:\/\/api.w.org\/{rel}","templated":true}]}}