{"id":1264,"date":"2019-12-06T18:37:52","date_gmt":"2019-12-06T18:37:52","guid":{"rendered":"https:\/\/www.evoluciondmc.com\/nuevo-sitio\/?page_id=1264"},"modified":"2019-12-12T17:46:32","modified_gmt":"2019-12-12T17:46:32","slug":"logistica","status":"publish","type":"page","link":"https:\/\/www.evoluciondmc.com\/?page_id=1264","title":{"rendered":"Log\u00edstica"},"content":{"rendered":"<p>[et_pb_section fb_built=\u00bb1&#8243; custom_padding_last_edited=\u00bbon|phone\u00bb disabled_on=\u00bboff|off|off\u00bb _builder_version=\u00bb4.0.8&#8243; background_image=\u00bbhttps:\/\/www.evoluciondmc.com\/wp-content\/uploads\/2019\/12\/bannerlogistica-evoluciondmc.jpg\u00bb background_position=\u00bbcenter_left\u00bb custom_padding=\u00bb18px||18px||true|false\u00bb custom_padding_tablet=\u00bb0px||0px||true|false\u00bb custom_padding_phone=\u00bb\u00bb animation_style=\u00bbslide\u00bb animation_direction=\u00bbleft\u00bb animation_intensity_slide=\u00bb10%\u00bb][et_pb_row _builder_version=\u00bb4.0.7&#8243;][et_pb_column type=\u00bb4_4&#8243; _builder_version=\u00bb4.0.7&#8243;][et_pb_divider show_divider=\u00bboff\u00bb _builder_version=\u00bb4.0.7&#8243; width=\u00bb100%\u00bb custom_padding=\u00bb11px||11px||true|false\u00bb][\/et_pb_divider][\/et_pb_column][\/et_pb_row][\/et_pb_section][et_pb_section fb_built=\u00bb1&#8243; custom_padding_last_edited=\u00bbon|tablet\u00bb _builder_version=\u00bb4.0.7&#8243; custom_padding=\u00bb||30px|||\u00bb custom_padding_tablet=\u00bb||0px||false|false\u00bb custom_padding_phone=\u00bb\u00bb][et_pb_row module_id=\u00bbconocenos\u00bb _builder_version=\u00bb4.0.7&#8243; animation_style=\u00bbslide\u00bb animation_intensity_slide=\u00bb10%\u00bb][et_pb_column type=\u00bb4_4&#8243; _builder_version=\u00bb4.0.7&#8243;][et_pb_text _builder_version=\u00bb4.0.7&#8243; header_font=\u00bbMontserrat||||||||\u00bb header_font_size=\u00bb34px\u00bb custom_margin=\u00bb||10px||false|false\u00bb header_font_size_tablet=\u00bb\u00bb header_font_size_phone=\u00bb24px\u00bb header_font_size_last_edited=\u00bbon|desktop\u00bb]<\/p>\n<h1>LOG\u00cdSTICA\u00a0<\/h1>\n<p>[\/et_pb_text][et_pb_divider color=\u00bb#A7C843&#8243; divider_weight=\u00bb4px\u00bb _builder_version=\u00bb4.0.7&#8243; width=\u00bb100%\u00bb][\/et_pb_divider][\/et_pb_column][\/et_pb_row][\/et_pb_section][et_pb_section fb_built=\u00bb1&#8243; _builder_version=\u00bb4.0.7&#8243; custom_padding=\u00bb0px|||||\u00bb][et_pb_row column_structure=\u00bb1_2,1_2&#8243; _builder_version=\u00bb4.0.7&#8243; custom_padding=\u00bb0px|||||\u00bb][et_pb_column type=\u00bb1_2&#8243; _builder_version=\u00bb4.0.7&#8243;][et_pb_text _builder_version=\u00bb4.0.8&#8243; text_font=\u00bb||||||||\u00bb text_font_size=\u00bb15px\u00bb text_line_height=\u00bb2em\u00bb header_font=\u00bb|700|||||||\u00bb header_font_size=\u00bb60px\u00bb header_line_height=\u00bb1.4em\u00bb header_3_font=\u00bb||||||||\u00bb header_3_text_color=\u00bb#bb7860&#8243; header_3_line_height=\u00bb1.8em\u00bb max_width=\u00bb500px\u00bb custom_margin=\u00bb100px||||false|false\u00bb custom_margin_tablet=\u00bb0px||||false|false\u00bb custom_margin_phone=\u00bb\u00bb custom_margin_last_edited=\u00bbon|tablet\u00bb custom_padding=\u00bb||||false|false\u00bb animation_style=\u00bbslide\u00bb animation_direction=\u00bbleft\u00bb animation_delay=\u00bb300ms\u00bb animation_intensity_slide=\u00bb10%\u00bb text_font_size_tablet=\u00bb\u00bb text_font_size_phone=\u00bb14px\u00bb text_font_size_last_edited=\u00bbon|phone\u00bb header_font_size_tablet=\u00bb\u00bb header_font_size_phone=\u00bb32px\u00bb header_font_size_last_edited=\u00bbon|desktop\u00bb]<\/p>\n<p style=\"text-align: justify;\">Contamos con la experiencia para apoyarles en la log\u00edstica de su reuni\u00f3n o evento brind\u00e1ndoles la asesor\u00eda que necesitan en el destino, la sede as\u00ed como en otros destinos.<\/p>\n<p>[\/et_pb_text][\/et_pb_column][et_pb_column type=\u00bb1_2&#8243; _builder_version=\u00bb4.0.7&#8243;][et_pb_image src=\u00bbhttps:\/\/www.evoluciondmc.com\/wp-content\/uploads\/2019\/12\/logistica-evolucion.jpg\u00bb _builder_version=\u00bb4.0.8&#8243; custom_margin=\u00bb||||false|false\u00bb animation_style=\u00bbslide\u00bb animation_direction=\u00bbright\u00bb animation_delay=\u00bb300ms\u00bb animation_intensity_slide=\u00bb10%\u00bb border_radii=\u00bbon|5px|5px|5px|5px\u00bb border_width_all=\u00bb5px\u00bb border_color_all=\u00bb#ffffff\u00bb box_shadow_style=\u00bbpreset1&#8243;][\/et_pb_image][\/et_pb_column][\/et_pb_row][et_pb_row _builder_version=\u00bb4.0.8&#8243; animation_style=\u00bbslide\u00bb animation_direction=\u00bbleft\u00bb animation_delay=\u00bb100ms\u00bb animation_intensity_slide=\u00bb10%\u00bb][et_pb_column type=\u00bb4_4&#8243; _builder_version=\u00bb4.0.8&#8243;][et_pb_text _builder_version=\u00bb4.0.8&#8243; header_3_text_align=\u00bbcenter\u00bb header_3_text_color=\u00bb#363F5C\u00bb]<\/p>\n<h3 style=\"text-align: center;\"><strong>SOPORTE LOG\u00cdSTICO EN OTROS DESTINOS<\/strong><\/h3>\n<p>[\/et_pb_text][\/et_pb_column][\/et_pb_row][et_pb_row column_structure=\u00bb1_4,1_4,1_4,1_4&#8243; disabled_on=\u00bboff|off|off\u00bb _builder_version=\u00bb4.0.8&#8243;][et_pb_column type=\u00bb1_4&#8243; _builder_version=\u00bb4.0.8&#8243;][et_pb_text _builder_version=\u00bb4.0.8&#8243; animation_style=\u00bbslide\u00bb animation_delay=\u00bb300ms\u00bb animation_intensity_slide=\u00bb10%\u00bb hover_enabled=\u00bb0&#8243;]<\/p>\n<ul>\n<li>Le\u00f3n<\/li>\n<li>San Miguel de Allende<\/li>\n<li>Guanajuato<\/li>\n<li>Salamanca<\/li>\n<li>Celaya<\/li>\n<li>Aguascalientes<\/li>\n<li>Guadalajara<\/li>\n<li>Quer\u00e9taro<\/li>\n<li>Morelia<\/li>\n<\/ul>\n<p>[\/et_pb_text][\/et_pb_column][et_pb_column type=\u00bb1_4&#8243; _builder_version=\u00bb4.0.8&#8243;][et_pb_text _builder_version=\u00bb4.0.8&#8243; animation_style=\u00bbslide\u00bb animation_delay=\u00bb600ms\u00bb animation_intensity_slide=\u00bb10%\u00bb hover_enabled=\u00bb0&#8243;]<\/p>\n<ul>\n<li>Nayarit<\/li>\n<li>Monterrey<\/li>\n<li>Chihuahua<\/li>\n<li>Ciudad Ju\u00e1rez<\/li>\n<li>Veracruz<\/li>\n<li>C\u00f3rdoba<\/li>\n<li>Poza Rica<\/li>\n<li>Tampico<\/li>\n<li>M\u00e9rida<\/li>\n<\/ul>\n<p>[\/et_pb_text][\/et_pb_column][et_pb_column type=\u00bb1_4&#8243; _builder_version=\u00bb4.0.8&#8243;][et_pb_text _builder_version=\u00bb4.0.8&#8243; animation_style=\u00bbslide\u00bb animation_delay=\u00bb900ms\u00bb animation_intensity_slide=\u00bb10%\u00bb hover_enabled=\u00bb0&#8243;]<\/p>\n<ul>\n<li>Canc\u00fan<\/li>\n<li>Oaxaca<\/li>\n<li>Chiapas<\/li>\n<li>Acapulco<\/li>\n<li>Pachuca<\/li>\n<li>Puerto Vallarta <\/li>\n<li>Puebla<\/li>\n<li>San Luis Potos\u00ed<\/li>\n<li>Hermosillo<\/li>\n<\/ul>\n<p>[\/et_pb_text][\/et_pb_column][et_pb_column type=\u00bb1_4&#8243; _builder_version=\u00bb4.0.8&#8243;][et_pb_text _builder_version=\u00bb4.0.8&#8243; animation_style=\u00bbslide\u00bb animation_delay=\u00bb1200ms\u00bb animation_intensity_slide=\u00bb10%\u00bb hover_enabled=\u00bb0&#8243;]<\/p>\n<ul>\n<li>Guaymas<\/li>\n<li>Navojoa<\/li>\n<li>Saltillo<\/li>\n<li>Villahermosa<\/li>\n<li>La Paz<\/li>\n<li>Los Cabos<\/li>\n<li>Huatulco<\/li>\n<li>Manzanillo<\/li>\n<\/ul>\n<p>[\/et_pb_text][\/et_pb_column][\/et_pb_row][\/et_pb_section]<\/p>\n","protected":false},"excerpt":{"rendered":"<p>LOG\u00cdSTICA\u00a0Contamos con la experiencia para apoyarles en la log\u00edstica de su reuni\u00f3n o evento brind\u00e1ndoles la asesor\u00eda que necesitan en el destino, la sede as\u00ed como en otros destinos.SOPORTE LOG\u00cdSTICO EN OTROS DESTINOS Le\u00f3n San Miguel de Allende Guanajuato Salamanca Celaya Aguascalientes Guadalajara Quer\u00e9taro Morelia Nayarit Monterrey Chihuahua Ciudad Ju\u00e1rez Veracruz C\u00f3rdoba Poza Rica Tampico [&hellip;]<\/p>\n","protected":false},"author":1,"featured_media":0,"parent":0,"menu_order":0,"comment_status":"closed","ping_status":"closed","template":"","meta":{"_et_pb_use_builder":"on","_et_pb_old_content":"<!-- wp:divi\/placeholder \/-->","_et_gb_content_width":"","footnotes":""},"yoast_head":"<!-- This site is optimized with the Yoast SEO plugin v22.0 - https:\/\/yoast.com\/wordpress\/plugins\/seo\/ -->\n<title>Log\u00edstica - Evoluci\u00f3n DMC<\/title>\n<meta name=\"robots\" content=\"index, follow, max-snippet:-1, max-image-preview:large, max-video-preview:-1\" \/>\n<link rel=\"canonical\" href=\"https:\/\/www.evoluciondmc.com\/?page_id=1264\" \/>\n<meta property=\"og:locale\" content=\"es_ES\" \/>\n<meta property=\"og:type\" content=\"article\" \/>\n<meta property=\"og:title\" content=\"Log\u00edstica - Evoluci\u00f3n DMC\" \/>\n<meta property=\"og:description\" content=\"LOG\u00cdSTICA\u00a0Contamos con la experiencia para apoyarles en la log\u00edstica de su reuni\u00f3n o evento brind\u00e1ndoles la asesor\u00eda que necesitan en el destino, la sede as\u00ed como en otros destinos.SOPORTE LOG\u00cdSTICO EN OTROS DESTINOS Le\u00f3n San Miguel de Allende Guanajuato Salamanca Celaya Aguascalientes Guadalajara Quer\u00e9taro Morelia Nayarit Monterrey Chihuahua Ciudad Ju\u00e1rez Veracruz C\u00f3rdoba Poza Rica Tampico [&hellip;]\" \/>\n<meta property=\"og:url\" content=\"https:\/\/www.evoluciondmc.com\/?page_id=1264\" \/>\n<meta property=\"og:site_name\" content=\"Evoluci\u00f3n DMC\" \/>\n<meta property=\"article:modified_time\" content=\"2019-12-12T17:46:32+00:00\" \/>\n<meta name=\"twitter:card\" content=\"summary_large_image\" \/>\n<meta name=\"twitter:label1\" content=\"Tiempo de lectura\" \/>\n\t<meta name=\"twitter:data1\" content=\"3 minutos\" \/>\n<script type=\"application\/ld+json\" class=\"yoast-schema-graph\">{\"@context\":\"https:\/\/schema.org\",\"@graph\":[{\"@type\":\"WebPage\",\"@id\":\"https:\/\/www.evoluciondmc.com\/?page_id=1264\",\"url\":\"https:\/\/www.evoluciondmc.com\/?page_id=1264\",\"name\":\"Log\u00edstica - Evoluci\u00f3n DMC\",\"isPartOf\":{\"@id\":\"https:\/\/www.evoluciondmc.com\/#website\"},\"datePublished\":\"2019-12-06T18:37:52+00:00\",\"dateModified\":\"2019-12-12T17:46:32+00:00\",\"breadcrumb\":{\"@id\":\"https:\/\/www.evoluciondmc.com\/?page_id=1264#breadcrumb\"},\"inLanguage\":\"es\",\"potentialAction\":[{\"@type\":\"ReadAction\",\"target\":[\"https:\/\/www.evoluciondmc.com\/?page_id=1264\"]}]},{\"@type\":\"BreadcrumbList\",\"@id\":\"https:\/\/www.evoluciondmc.com\/?page_id=1264#breadcrumb\",\"itemListElement\":[{\"@type\":\"ListItem\",\"position\":1,\"name\":\"Portada\",\"item\":\"https:\/\/www.evoluciondmc.com\/\"},{\"@type\":\"ListItem\",\"position\":2,\"name\":\"Log\u00edstica\"}]},{\"@type\":\"WebSite\",\"@id\":\"https:\/\/www.evoluciondmc.com\/#website\",\"url\":\"https:\/\/www.evoluciondmc.com\/\",\"name\":\"Evoluci\u00f3n DMC\",\"description\":\"Especialistas en reuniones y eventos\",\"potentialAction\":[{\"@type\":\"SearchAction\",\"target\":{\"@type\":\"EntryPoint\",\"urlTemplate\":\"https:\/\/www.evoluciondmc.com\/?s={search_term_string}\"},\"query-input\":\"required name=search_term_string\"}],\"inLanguage\":\"es\"}]}<\/script>\n<!-- \/ Yoast SEO plugin. -->","yoast_head_json":{"title":"Log\u00edstica - Evoluci\u00f3n DMC","robots":{"index":"index","follow":"follow","max-snippet":"max-snippet:-1","max-image-preview":"max-image-preview:large","max-video-preview":"max-video-preview:-1"},"canonical":"https:\/\/www.evoluciondmc.com\/?page_id=1264","og_locale":"es_ES","og_type":"article","og_title":"Log\u00edstica - Evoluci\u00f3n DMC","og_description":"LOG\u00cdSTICA\u00a0Contamos con la experiencia para apoyarles en la log\u00edstica de su reuni\u00f3n o evento brind\u00e1ndoles la asesor\u00eda que necesitan en el destino, la sede as\u00ed como en otros destinos.SOPORTE LOG\u00cdSTICO EN OTROS DESTINOS Le\u00f3n San Miguel de Allende Guanajuato Salamanca Celaya Aguascalientes Guadalajara Quer\u00e9taro Morelia Nayarit Monterrey Chihuahua Ciudad Ju\u00e1rez Veracruz C\u00f3rdoba Poza Rica Tampico [&hellip;]","og_url":"https:\/\/www.evoluciondmc.com\/?page_id=1264","og_site_name":"Evoluci\u00f3n DMC","article_modified_time":"2019-12-12T17:46:32+00:00","twitter_card":"summary_large_image","twitter_misc":{"Tiempo de lectura":"3 minutos"},"schema":{"@context":"https:\/\/schema.org","@graph":[{"@type":"WebPage","@id":"https:\/\/www.evoluciondmc.com\/?page_id=1264","url":"https:\/\/www.evoluciondmc.com\/?page_id=1264","name":"Log\u00edstica - Evoluci\u00f3n DMC","isPartOf":{"@id":"https:\/\/www.evoluciondmc.com\/#website"},"datePublished":"2019-12-06T18:37:52+00:00","dateModified":"2019-12-12T17:46:32+00:00","breadcrumb":{"@id":"https:\/\/www.evoluciondmc.com\/?page_id=1264#breadcrumb"},"inLanguage":"es","potentialAction":[{"@type":"ReadAction","target":["https:\/\/www.evoluciondmc.com\/?page_id=1264"]}]},{"@type":"BreadcrumbList","@id":"https:\/\/www.evoluciondmc.com\/?page_id=1264#breadcrumb","itemListElement":[{"@type":"ListItem","position":1,"name":"Portada","item":"https:\/\/www.evoluciondmc.com\/"},{"@type":"ListItem","position":2,"name":"Log\u00edstica"}]},{"@type":"WebSite","@id":"https:\/\/www.evoluciondmc.com\/#website","url":"https:\/\/www.evoluciondmc.com\/","name":"Evoluci\u00f3n DMC","description":"Especialistas en reuniones y eventos","potentialAction":[{"@type":"SearchAction","target":{"@type":"EntryPoint","urlTemplate":"https:\/\/www.evoluciondmc.com\/?s={search_term_string}"},"query-input":"required name=search_term_string"}],"inLanguage":"es"}]}},"_links":{"self":[{"href":"https:\/\/www.evoluciondmc.com\/index.php?rest_route=\/wp\/v2\/pages\/1264"}],"collection":[{"href":"https:\/\/www.evoluciondmc.com\/index.php?rest_route=\/wp\/v2\/pages"}],"about":[{"href":"https:\/\/www.evoluciondmc.com\/index.php?rest_route=\/wp\/v2\/types\/page"}],"author":[{"embeddable":true,"href":"https:\/\/www.evoluciondmc.com\/index.php?rest_route=\/wp\/v2\/users\/1"}],"replies":[{"embeddable":true,"href":"https:\/\/www.evoluciondmc.com\/index.php?rest_route=%2Fwp%2Fv2%2Fcomments&post=1264"}],"version-history":[{"count":44,"href":"https:\/\/www.evoluciondmc.com\/index.php?rest_route=\/wp\/v2\/pages\/1264\/revisions"}],"predecessor-version":[{"id":1999,"href":"https:\/\/www.evoluciondmc.com\/index.php?rest_route=\/wp\/v2\/pages\/1264\/revisions\/1999"}],"wp:attachment":[{"href":"https:\/\/www.evoluciondmc.com\/index.php?rest_route=%2Fwp%2Fv2%2Fmedia&parent=1264"}],"curies":[{"name":"wp","href":"https:\/\/api.w.org\/{rel}","templated":true}]}}